{"id":225,"date":"2015-03-17T09:54:34","date_gmt":"2015-03-17T07:54:34","guid":{"rendered":"http:\/\/www.sucert.ro\/?page_id=225"},"modified":"2025-10-02T13:38:46","modified_gmt":"2025-10-02T11:38:46","slug":"formulare","status":"publish","type":"page","link":"http:\/\/www.sucert.ro\/?page_id=225&lang=ro_RO","title":{"rendered":"Formulare"},"content":{"rendered":"<p style=\"text-align: center;\">Pentru solicit\u0103ri de certific\u0103ri \u00een conformitate cu alte standarde dec\u00e2t cele men\u021bionate va rug\u0103m s\u0103 completa\u021bi Comanda pentru certificarea sistemului si Chestionarul SMC<\/p>\n<!-- WP Attachments -->\r\n        <div style=\"width:100%;margin:10px 0 10px 0;\">\r\n            <h3><\/h3>\r\n        <ul class=\"post-attachments\"><li class=\"post-attachment mime-application-msword\"><a target=\"_blank\" href=\"http:\/\/www.sucert.ro\/wp-content\/uploads\/2025\/10\/PG-F-01-01_10-0-Comanda-pentru-certificare-sistem-de-management-1.doc\">PG F-01-01_10-0 Comanda pentru certificare sistem de management<\/a> <\/li><li class=\"post-attachment mime-application-msword\"><a target=\"_blank\" href=\"http:\/\/www.sucert.ro\/wp-content\/uploads\/2023\/09\/PG-F-01-03_9-5-Fisa-solicitare-transfer-certificare-sistem-de-management.doc\">PG F-01-03_9-5 Fisa solicitare transfer certificare sistem de management<\/a> <\/li><li class=\"post-attachment mime-application-msword\"><a target=\"_blank\" href=\"http:\/\/www.sucert.ro\/wp-content\/uploads\/2023\/09\/PG-F-01-07_9-5-Chestionar-de-autoevaluare-pentru-SMC.doc\">PG F-01-07_9-5 Chestionar de autoevaluare pentru SMC<\/a> <\/li><li class=\"post-attachment mime-application-msword\"><a target=\"_blank\" href=\"http:\/\/www.sucert.ro\/wp-content\/uploads\/2023\/09\/PG-F-01-08_9-5-Chestionar-de-autoevaluare-pentru-SMM.doc\">PG F-01-08_9-5 Chestionar de autoevaluare pentru SMM<\/a> <\/li><li class=\"post-attachment mime-application-msword\"><a target=\"_blank\" href=\"http:\/\/www.sucert.ro\/wp-content\/uploads\/2023\/09\/PG-F-01-09_9-5-Chestionar-de-autoevaluare-pentru-SSM.doc\">PG F-01-09_9-5 Chestionar de autoevaluare pentru SSM<\/a> <\/li><li class=\"post-attachment mime-application-msword\"><a target=\"_blank\" href=\"http:\/\/www.sucert.ro\/wp-content\/uploads\/2023\/09\/PG-F-01-10_9-5-Chestionar-de-autoevaluare-pentru-SMHACCP.doc\">PG F-01-10_9-5 Chestionar de autoevaluare pentru SMHACCP<\/a> <\/li><li class=\"post-attachment mime-application-msword\"><a target=\"_blank\" href=\"http:\/\/www.sucert.ro\/wp-content\/uploads\/2023\/09\/PG-F-01-02_9-5-Comanda-pentru-certificarea-CPF-CP.doc\">PG F-01-02_9-5 Comanda pentru certificarea CPF - CP<\/a> <\/li><li class=\"post-attachment mime-application-msword\"><a target=\"_blank\" href=\"http:\/\/www.sucert.ro\/wp-content\/uploads\/2023\/09\/PG-F-01-04_9-5-Fisa-solicitare-transfer-certificare-CPF-CP.doc\">PG F-01-04_9-5 Fisa solicitare transfer certificare CPF - CP<\/a> <\/li><li class=\"post-attachment mime-application-msword\"><a target=\"_blank\" href=\"http:\/\/www.sucert.ro\/wp-content\/uploads\/2023\/09\/PG-F-01-11_9-5-Chestionar-de-autoevaluare-pentru-CPF-CP.doc\">PG F-01-11_9-5 Chestionar de autoevaluare pentru CPF - CP<\/a> <\/li><li class=\"post-attachment mime-application-msword\"><a target=\"_blank\" href=\"http:\/\/www.sucert.ro\/wp-content\/uploads\/2023\/09\/PG-F-01-16_9-5-Comanda-pentru-cetificarea-conformitatii-procesului.doc\">PG F-01-16_9-5 Comanda pentru cetificarea conformitatii procesului<\/a> <\/li><li class=\"post-attachment mime-application-msword\"><a target=\"_blank\" href=\"http:\/\/www.sucert.ro\/wp-content\/uploads\/2023\/09\/PG-F-01-01_1-0-Comanda-pentru-inspectie.doc\">PG-F-01-01_1-0-Comanda-pentru-inspectie<\/a> <\/li><\/ul><\/div>","protected":false},"excerpt":{"rendered":"<p style=\"text-align: center;\">Pentru solicit\u0103ri de certific\u0103ri \u00een conformitate cu alte standarde dec\u00e2t cele men\u021bionate va rug\u0103m s\u0103 completa\u021bi Comanda pentru certificarea sistemului si Chestionarul SMC<\/p>\n<p>&#8230;<\/p>\n","protected":false},"author":2,"featured_media":0,"parent":0,"menu_order":0,"comment_status":"closed","ping_status":"closed","template":"","meta":[],"_links":{"self":[{"href":"http:\/\/www.sucert.ro?lang=ro_RO%2Findex.php&rest_route=\/wp\/v2\/pages\/225"}],"collection":[{"href":"http:\/\/www.sucert.ro?lang=ro_RO%2Findex.php&rest_route=\/wp\/v2\/pages"}],"about":[{"href":"http:\/\/www.sucert.ro?lang=ro_RO%2Findex.php&rest_route=\/wp\/v2\/types\/page"}],"author":[{"embeddable":true,"href":"http:\/\/www.sucert.ro?lang=ro_RO%2Findex.php&rest_route=\/wp\/v2\/users\/2"}],"replies":[{"embeddable":true,"href":"http:\/\/www.sucert.ro?lang=ro_RO%2Findex.php&rest_route=%2Fwp%2Fv2%2Fcomments&post=225"}],"version-history":[{"count":19,"href":"http:\/\/www.sucert.ro?lang=ro_RO%2Findex.php&rest_route=\/wp\/v2\/pages\/225\/revisions"}],"predecessor-version":[{"id":1633,"href":"http:\/\/www.sucert.ro?lang=ro_RO%2Findex.php&rest_route=\/wp\/v2\/pages\/225\/revisions\/1633"}],"wp:attachment":[{"href":"http:\/\/www.sucert.ro?lang=ro_RO%2Findex.php&rest_route=%2Fwp%2Fv2%2Fmedia&parent=225"}],"curies":[{"name":"wp","href":"https:\/\/api.w.org\/{rel}","templated":true}]}}