{"id":31,"date":"2015-03-01T15:34:17","date_gmt":"2015-03-01T15:34:17","guid":{"rendered":"http:\/\/www.sucert.ro\/?page_id=31"},"modified":"2021-07-19T09:21:47","modified_gmt":"2021-07-19T07:21:47","slug":"despre-noi","status":"publish","type":"page","link":"http:\/\/www.sucert.ro\/?page_id=31&lang=ro_RO","title":{"rendered":"Despre noi"},"content":{"rendered":"<p style=\"text-align: justify;\">Conform statutului, &nbsp;SUCERT -RO S.R.L. este o societate comerciala, care are ca principal obiect de activitate certificarea de terta parte (independenta de client si de furnizor) a sistemelor de management si&nbsp;conformitatii productiei in fabrica-CPF\/produselor-CP &nbsp;\u00een conformitate cu standardele nationale si internationale.<span lang=\"RO\">&nbsp; &nbsp;&nbsp;<\/span><\/p>\n<p style=\"text-align: justify;\"><span lang=\"RO\">&nbsp; &nbsp; &nbsp; <strong>Scopul<\/strong><\/span><span lang=\"RO\"> societatii este sa evalueze si sa certifice sisteme de management la societati comerciale care desfasoara activitati de produse si servicii si sa obtina noi acreditari pentru schemele de acreditare solicitate de clienti.<\/span>&nbsp;\u00ce<span lang=\"RO\">n vederea realizarii scopului sau, societatea noastra respecta principiile de baza ale certificarii, prevazute in reglementarile nationale si internationale.<\/span><\/p>\n<p style=\"text-align: justify;\">Societatea are un sediu propriu in municipiul SUCEAVA , iar activitatea de certificare este coordonata si executata de un personal competent si bine instruit si atestat in acest domeniu, format din auditori si specialisti pe domenii de certificare. &nbsp;De asemenea&nbsp;de\u021binem si un <strong>laborator<\/strong> acreditat RENAR &nbsp;pentru \u00eencerc\u0103ri pe materiale de constructii, \u00een comuna Malini , Jud. Suceava.<\/p>\n","protected":false},"excerpt":{"rendered":"<p style=\"text-align: justify;\">Conform statutului, &nbsp;SUCERT -RO S.R.L. este o societate comerciala, care are ca principal obiect de activitate certificarea de terta parte (independenta de client si de furnizor) a sistemelor de management si&#038;nbsp&#8230;<\/p>\n","protected":false},"author":1,"featured_media":0,"parent":0,"menu_order":0,"comment_status":"open","ping_status":"closed","template":"","meta":[],"_links":{"self":[{"href":"http:\/\/www.sucert.ro?lang=ro_RO%2Findex.php&rest_route=\/wp\/v2\/pages\/31"}],"collection":[{"href":"http:\/\/www.sucert.ro?lang=ro_RO%2Findex.php&rest_route=\/wp\/v2\/pages"}],"about":[{"href":"http:\/\/www.sucert.ro?lang=ro_RO%2Findex.php&rest_route=\/wp\/v2\/types\/page"}],"author":[{"embeddable":true,"href":"http:\/\/www.sucert.ro?lang=ro_RO%2Findex.php&rest_route=\/wp\/v2\/users\/1"}],"replies":[{"embeddable":true,"href":"http:\/\/www.sucert.ro?lang=ro_RO%2Findex.php&rest_route=%2Fwp%2Fv2%2Fcomments&post=31"}],"version-history":[{"count":1,"href":"http:\/\/www.sucert.ro?lang=ro_RO%2Findex.php&rest_route=\/wp\/v2\/pages\/31\/revisions"}],"predecessor-version":[{"id":1653,"href":"http:\/\/www.sucert.ro?lang=ro_RO%2Findex.php&rest_route=\/wp\/v2\/pages\/31\/revisions\/1653"}],"wp:attachment":[{"href":"http:\/\/www.sucert.ro?lang=ro_RO%2Findex.php&rest_route=%2Fwp%2Fv2%2Fmedia&parent=31"}],"curies":[{"name":"wp","href":"https:\/\/api.w.org\/{rel}","templated":true}]}}