{"id":35,"date":"2015-03-01T15:35:01","date_gmt":"2015-03-01T13:35:01","guid":{"rendered":"http:\/\/www.sucert.ro\/?page_id=35"},"modified":"2019-07-02T11:21:44","modified_gmt":"2019-07-02T09:21:44","slug":"domenii-privind-certificarea","status":"publish","type":"page","link":"http:\/\/www.sucert.ro\/?page_id=35&lang=ro_RO","title":{"rendered":"Domenii privind certificarea"},"content":{"rendered":"<p>&nbsp;<\/p>\n<hr \/>\n<p style=\"text-align: justify;\">\u00a0 \u00a0 \u00a0Societatea noastra poate realiza certificarea sistemului de management al calit\u0103\u021bii conform SR EN ISO 9001:2015, certificarea sistemului de management de mediu conform SR EN ISO 14001:2015, certificarea sistemului de management al s\u0103n\u0103t\u0103\u021bii \u0219i securit\u0103\u021bii ocupa\u021bionale conform SR OHSAS 18001:2008, al siguran\u021bei \u00een industria alimentar\u0103 HACCP conform SR EN ISO 22000:2005, certificarea sistemului de management al securit\u0103\u021bii informa\u021biei conform SR ISO\/CEI 27001:2013,\u00a0evaluarea si verificarea constantei performantei produselor \u0219i alte certific\u0103ri \u00een conformitate cu standarde solicitate de clien\u021bi \u00een func\u021bie de nevoile acestora.<\/p>\n<hr \/>\n<p style=\"text-align: justify;\">\u00a0 \u00a0 \u00a0Domeniile pentru care OEC SUCERT-RO este acreditat sunt:<\/p>\n<!-- WP Attachments -->\r\n        <div style=\"width:100%;margin:10px 0 10px 0;\">\r\n            <h3><\/h3>\r\n        <ul class=\"post-attachments\"><li class=\"post-attachment mime-application-pdf\"><a target=\"_blank\" href=\"http:\/\/www.sucert.ro\/wp-content\/uploads\/2019\/07\/SM-037-A1-MC-SUCERT-RO-2018.10.22.pdf\">Domenii SMC<\/a> <\/li><li class=\"post-attachment mime-application-pdf\"><a target=\"_blank\" href=\"http:\/\/www.sucert.ro\/wp-content\/uploads\/2019\/07\/SM-037-A2-MM-SUCERT-RO-2018.10.22.pdf\">Domenii SMM<\/a> <\/li><li class=\"post-attachment mime-application-pdf\"><a target=\"_blank\" href=\"http:\/\/www.sucert.ro\/wp-content\/uploads\/2019\/07\/SM-037-A3-SO-SUCERT-RO-2016.09.26.pdf\">Domenii SSM<\/a> <\/li><li class=\"post-attachment mime-application-pdf\"><a target=\"_blank\" href=\"http:\/\/www.sucert.ro\/wp-content\/uploads\/2019\/07\/ON-084-A-SUCERT-RO-2017.09.22.pdf\">Domenii CPF<\/a> <\/li><li class=\"post-attachment mime-application-pdf\"><a target=\"_blank\" href=\"http:\/\/www.sucert.ro\/wp-content\/uploads\/2019\/07\/Notification-UE.pdf\">Notificare UE<\/a> <\/li><li class=\"post-attachment mime-application-pdf\"><a target=\"_blank\" href=\"http:\/\/www.sucert.ro\/wp-content\/uploads\/2019\/07\/OI-023-A-SUCERT-RO-2017.07.13.pdf\">Domenii OI<\/a> <\/li><\/ul><\/div>","protected":false},"excerpt":{"rendered":"<p>&nbsp;<\/p>\n<hr \/>\n<p style=\"text-align: justify;\">\u00a0 \u00a0 \u00a0Societatea noastra poate realiza certificarea sistemului de management al calit\u0103\u021bii conform SR EN ISO 9001:2015, certificarea sistemului de management de mediu conform SR EN ISO 14001:2015, certi&#8230;<\/p>\n","protected":false},"author":1,"featured_media":0,"parent":0,"menu_order":0,"comment_status":"open","ping_status":"closed","template":"","meta":[],"_links":{"self":[{"href":"http:\/\/www.sucert.ro?lang=ro_RO%2Findex.php&rest_route=\/wp\/v2\/pages\/35"}],"collection":[{"href":"http:\/\/www.sucert.ro?lang=ro_RO%2Findex.php&rest_route=\/wp\/v2\/pages"}],"about":[{"href":"http:\/\/www.sucert.ro?lang=ro_RO%2Findex.php&rest_route=\/wp\/v2\/types\/page"}],"author":[{"embeddable":true,"href":"http:\/\/www.sucert.ro?lang=ro_RO%2Findex.php&rest_route=\/wp\/v2\/users\/1"}],"replies":[{"embeddable":true,"href":"http:\/\/www.sucert.ro?lang=ro_RO%2Findex.php&rest_route=%2Fwp%2Fv2%2Fcomments&post=35"}],"version-history":[{"count":9,"href":"http:\/\/www.sucert.ro?lang=ro_RO%2Findex.php&rest_route=\/wp\/v2\/pages\/35\/revisions"}],"predecessor-version":[{"id":1537,"href":"http:\/\/www.sucert.ro?lang=ro_RO%2Findex.php&rest_route=\/wp\/v2\/pages\/35\/revisions\/1537"}],"wp:attachment":[{"href":"http:\/\/www.sucert.ro?lang=ro_RO%2Findex.php&rest_route=%2Fwp%2Fv2%2Fmedia&parent=35"}],"curies":[{"name":"wp","href":"https:\/\/api.w.org\/{rel}","templated":true}]}}