{"id":45,"date":"2015-03-01T15:39:37","date_gmt":"2015-03-01T15:39:37","guid":{"rendered":"http:\/\/www.sucert.ro\/?page_id=45"},"modified":"2019-03-05T11:54:16","modified_gmt":"2019-03-05T09:54:16","slug":"prezentare","status":"publish","type":"page","link":"http:\/\/www.sucert.ro\/?page_id=45&lang=ro_RO","title":{"rendered":"Prezentare"},"content":{"rendered":"<p>&nbsp;<\/p>\n<hr \/>\n<p style=\"text-align: justify;\"><span style=\"color: #000080;\"><a style=\"color: #000080;\" href=\"http:\/\/www.sucert.ro\/wp-content\/uploads\/2015\/03\/Logo-Cliocert.jpg\"><img decoding=\"async\" loading=\"lazy\" class=\"alignleft wp-image-417 \" src=\"http:\/\/www.sucert.ro\/wp-content\/uploads\/2015\/03\/Logo-Cliocert-300x172.jpg\" alt=\"Logo Cliocert\" width=\"255\" height=\"146\" srcset=\"http:\/\/www.sucert.ro\/wp-content\/uploads\/2015\/03\/Logo-Cliocert-300x172.jpg 300w, http:\/\/www.sucert.ro\/wp-content\/uploads\/2015\/03\/Logo-Cliocert.jpg 481w\" sizes=\"(max-width: 255px) 100vw, 255px\" \/><\/a><\/span><\/p>\n<p style=\"text-align: justify;\"><span style=\"color: #000080;\">Laboratorul din cadrul societ\u0103\u0163ii, func\u0163ioneaz\u0103 din anul 2007, fiind situat \u00een comuna M\u0103lini, jud. Suceava \u015fi efectueaz\u0103 \u00eencerc\u0103ri pe produsele utilizate \u015fi pentru lucr\u0103ri de construc\u0163ii realizate de diver\u015fi beneficiari.\u00cencep\u00e2nd cu anul 2006 s-a \u00eenceput demararea dot\u0103rii cu echipamente pentru \u00eencerc\u0103ri de laborator asigur\u00e2ndu-se astfel condi\u0163iile pentru ca \u00een anul 2008 laboratorul s\u0103 poat\u0103 fi acreditat de c\u0103tre RENAR.<\/span><\/p>\n<p style=\"text-align: justify;\"><span style=\"color: #000080;\">\u00a0 \u00a0<\/span><\/p>\n<hr \/>\n<p style=\"text-align: justify;\"><img decoding=\"async\" loading=\"lazy\" class=\"alignright wp-image-482 size-medium\" src=\"http:\/\/www.sucert.ro\/wp-content\/uploads\/2015\/03\/Presa-Betoane-232x300.jpg\" alt=\"Presa Betoane\" width=\"232\" height=\"300\" srcset=\"http:\/\/www.sucert.ro\/wp-content\/uploads\/2015\/03\/Presa-Betoane-232x300.jpg 232w, http:\/\/www.sucert.ro\/wp-content\/uploads\/2015\/03\/Presa-Betoane.jpg 772w\" sizes=\"(max-width: 232px) 100vw, 232px\" \/><\/p>\n<p style=\"text-align: justify;\"><span style=\"color: #000080;\">\u00cen laborator se execut\u0103 \u00eencerc\u0103ri pentru produse pentru construc\u0163ii \u015fi av\u00e2nd\u00a0ca activitate analizarea calitativa \u015fi cantitativ\u0103, a produselor, la principalii parametri prev\u0103zu\u0163i \u00een specifica\u0163iile standardele na\u0163ionale, interna\u0163ionale sau \u00een contractele cu clien\u0163ii .<\/span><\/p>\n<p style=\"text-align: justify;\"><span style=\"color: #000080;\">\u00cencerc\u0103rile executate \u00een laborator au ca scop demonstrarea conformit\u0103\u0163ii produselor \u015fi serviciilor cu cerin\u0163ele impuse de standardele de produs armonizate (calitate) sau cu documenta\u0163iile \u015fi specifica\u0163iile primite de la beneficiari. Prin realizarea de verific\u0103ri \u015fi \u00eencerc\u0103ri pe unele produse de construc\u0163ii, utiliz\u00e2nd noi metode de \u00eencercare se pot ob\u0163ine informa\u0163ii privind comportarea \u00een exploatare a construc\u0163iilor \u00een scopul cre\u015fterii gradului de\u00a0siguran\u0163\u0103 a acestora.<\/span><\/p>\n<hr \/>\n<p style=\"text-align: justify;\"><span style=\"color: #000080;\">Managementul laboratorului CLIOCERT \u00een\u0163elege:<\/span><\/p>\n<ul style=\"text-align: justify;\">\n<li><span style=\"color: #000080;\">importanta controlului calit\u0103\u0163ii pentru \u00eencerc\u0103rile efectuate respectiv pentru buna practic\u0103 profesional\u0103.<\/span><\/li>\n<li><span style=\"color: #000080;\">cerin\u0163ele particulare pentru fiecare client \u00een parte.<\/span><\/li>\n<li><span style=\"color: #000080;\">scopul serviciilor \u015fi asigurarea de personal calificat pentru \u00eendeplinirea cerin\u0163elor formulate de clien\u0163ii \u015fi p\u0103r\u0163ile interesate.<\/span><\/li>\n<\/ul>\n<hr \/>\n<p style=\"text-align: justify;\"><span style=\"color: #000080;\"><a href=\"http:\/\/www.sucert.ro\/wp-content\/uploads\/2015\/03\/Incercare-Los-Angeles.jpg\"><img decoding=\"async\" loading=\"lazy\" class=\"alignleft wp-image-484 size-medium\" src=\"http:\/\/www.sucert.ro\/wp-content\/uploads\/2015\/03\/Incercare-Los-Angeles-300x278.jpg\" alt=\"Incercare Los Angeles\" width=\"300\" height=\"278\" srcset=\"http:\/\/www.sucert.ro\/wp-content\/uploads\/2015\/03\/Incercare-Los-Angeles-300x278.jpg 300w, http:\/\/www.sucert.ro\/wp-content\/uploads\/2015\/03\/Incercare-Los-Angeles.jpg 1024w\" sizes=\"(max-width: 300px) 100vw, 300px\" \/><\/a><\/span><\/p>\n<p style=\"text-align: justify;\"><span style=\"color: #000080;\">Strategia adoptat\u0103 \u00een activitatea laboratorului, urm\u0103re\u015fte extinderea gamei \u00eencerc\u0103rilor prin dotarea cu noi echipamente, precum \u015fi cre\u015fterea credibilit\u0103\u0163ii \u015fi prestigiului laboratorului.<\/span><\/p>\n<p style=\"text-align: justify;\"><span style=\"color: #000080;\">SUCERT-RO S.R.L. este con\u015ftient de importan\u0163a realiz\u0103rii unui nivel de calitate ridicat pentru \u00eencerc\u0103rile \u015fi test\u0103rile pe care le efectueaz\u0103 \u015fi recunoa\u015fte c\u0103 are responsabilitatea de a realiza acest nivel.<\/span><\/p>\n<p style=\"text-align: justify;\"><span style=\"color: #000080;\">\u00cen acest scop S.C. SUCERT-RO S.R.L. a dezvoltat, documentat, men\u0163ine \u015fi \u00eembun\u0103t\u0103\u0163e\u015fte sistemul de managementul pentru activit\u0103\u0163ile din laborator \u00een scopul de a satisface c\u00e2t mai bine necesit\u0103\u0163ile \u015fi cerin\u0163ele beneficiarilor \u015fi\u00a0pentru a-\u015fi perfec\u0163iona propriul sistem de management.<\/span><\/p>\n<p style=\"text-align: justify;\"><span style=\"color: #000080;\">Sistemul de Management implementat este \u00een conformitate cu prevederile standardului de referin\u0163\u0103 SR EN ISO\/IEC 17025:2005, completat de SR EN ISO\/IEC 17025\/AC:2007.<img decoding=\"async\" loading=\"lazy\" class=\" size-medium wp-image-552 alignright\" src=\"http:\/\/www.sucert.ro\/wp-content\/uploads\/2015\/03\/Micro-Deval-300x250.jpg\" alt=\"Micro Deval\" width=\"300\" height=\"250\" srcset=\"http:\/\/www.sucert.ro\/wp-content\/uploads\/2015\/03\/Micro-Deval-300x250.jpg 300w, http:\/\/www.sucert.ro\/wp-content\/uploads\/2015\/03\/Micro-Deval.jpg 890w\" sizes=\"(max-width: 300px) 100vw, 300px\" \/><\/span><\/p>\n","protected":false},"excerpt":{"rendered":"<p>&nbsp;<\/p>\n<hr \/>\n<p style=\"text-align: justify;\"><span style=\"color: #000080;\"><a style=\"color: #000080;\" href=\"http:\/\/www.sucert.ro\/wp-content\/uploads\/2015\/03\/Logo-Cliocert.jpg\"><img decoding=\"async\" class=\"alignleft wp-image-417 \" src=\"http:\/\/www.sucert.ro\/wp-cont...\n<\/p>\n","protected":false},"author":1,"featured_media":0,"parent":39,"menu_order":0,"comment_status":"open","ping_status":"open","template":"","meta":[],"_links":{"self":[{"href":"http:\/\/www.sucert.ro?lang=ro_RO%2Findex.php&rest_route=\/wp\/v2\/pages\/45"}],"collection":[{"href":"http:\/\/www.sucert.ro?lang=ro_RO%2Findex.php&rest_route=\/wp\/v2\/pages"}],"about":[{"href":"http:\/\/www.sucert.ro?lang=ro_RO%2Findex.php&rest_route=\/wp\/v2\/types\/page"}],"author":[{"embeddable":true,"href":"http:\/\/www.sucert.ro?lang=ro_RO%2Findex.php&rest_route=\/wp\/v2\/users\/1"}],"replies":[{"embeddable":true,"href":"http:\/\/www.sucert.ro?lang=ro_RO%2Findex.php&rest_route=%2Fwp%2Fv2%2Fcomments&post=45"}],"version-history":[{"count":6,"href":"http:\/\/www.sucert.ro?lang=ro_RO%2Findex.php&rest_route=\/wp\/v2\/pages\/45\/revisions"}],"predecessor-version":[{"id":1417,"href":"http:\/\/www.sucert.ro?lang=ro_RO%2Findex.php&rest_route=\/wp\/v2\/pages\/45\/revisions\/1417"}],"up":[{"embeddable":true,"href":"http:\/\/www.sucert.ro?lang=ro_RO%2Findex.php&rest_route=\/wp\/v2\/pages\/39"}],"wp:attachment":[{"href":"http:\/\/www.sucert.ro?lang=ro_RO%2Findex.php&rest_route=%2Fwp%2Fv2%2Fmedia&parent=45"}],"curies":[{"name":"wp","href":"https:\/\/api.w.org\/{rel}","templated":true}]}}