{"id":53,"date":"2015-03-01T15:43:58","date_gmt":"2015-03-01T13:43:58","guid":{"rendered":"http:\/\/www.sucert.ro\/?page_id=53"},"modified":"2015-03-26T13:16:46","modified_gmt":"2015-03-26T11:16:46","slug":"chestionar-de-evaluare-a-gradului-de-satisfactie-a-clientului","status":"publish","type":"page","link":"http:\/\/www.sucert.ro\/?page_id=53&lang=ro_RO","title":{"rendered":"Chestionar de evaluare a gradului de satisfactie clien\u021bi"},"content":{"rendered":"<p style=\"text-align: center;\"><a href=\"http:\/\/www.sucert.ro\/wp-content\/uploads\/2015\/03\/Satisfactie1.jpg\"><img decoding=\"async\" loading=\"lazy\" class=\"aligncenter size-full wp-image-609\" src=\"http:\/\/www.sucert.ro\/wp-content\/uploads\/2015\/03\/Satisfactie1.jpg\" alt=\"Satisfactie\" width=\"500\" height=\"125\" srcset=\"http:\/\/www.sucert.ro\/wp-content\/uploads\/2015\/03\/Satisfactie1.jpg 500w, http:\/\/www.sucert.ro\/wp-content\/uploads\/2015\/03\/Satisfactie1-300x75.jpg 300w\" sizes=\"(max-width: 500px) 100vw, 500px\" \/><\/a><\/p>\n<p style=\"text-align: center;\"><span style=\"color: #ccffcc;\"><span style=\"color: #339966;\">V\u0103 rug\u0103m s\u0103 v\u0103 exprima\u021bi opinia cu privire la serviciile oferite de OEC SUCERT-RO complet\u00e2nd chestionarul de mai jos.\u00a0<\/span><\/span><span style=\"color: #ccffcc;\"><span style=\"line-height: 1.5;\"><span style=\"color: #339966;\">P\u0103rerea dumneavoastr\u0103 conteaz\u0103 \u00een vedera \u00eembun\u0103t\u0103\u021birii serviciilor noastre. V\u0103 rug\u0103m s\u0103 trimite\u021bi chestionarul la e-mail: office@sucert.ro.<\/span><\/span><\/span><strong><span style=\"color: #ccffcc;\"><span style=\"line-height: 1.5;\">\u00a0<\/span><\/span><\/strong><\/p>\n<p>&nbsp;<\/p>\n<!-- WP Attachments -->\r\n        <div style=\"width:100%;margin:10px 0 10px 0;\">\r\n            <h3><\/h3>\r\n        <ul class=\"post-attachments\"><li class=\"post-attachment mime-application-pdf\"><a target=\"_blank\" href=\"http:\/\/www.sucert.ro\/wp-content\/uploads\/2015\/03\/Chestionar-de-evaluare-a-gradului-de-satisfactie-clien\u021bi.pdf\">Chestionar de evaluare a gradului de satisfactie clien\u021bi<\/a> <\/li><\/ul><\/div>","protected":false},"excerpt":{"rendered":"<p style=\"text-align: center;\"><a href=\"http:\/\/www.sucert.ro\/wp-content\/uploads\/2015\/03\/Satisfactie1.jpg\"><img decoding=\"async\" class=\"aligncenter size-full wp-image-609\" src=\"http:\/\/www.sucert.ro\/wp-content\/uploads\/2015\/03\/Satisfactie1.jpg\" alt=\"Satisfactie\" width=\"...\n<\/p srcset=\"http:\/\/www.sucert.ro\/wp-content\/uploads\/2015\/03\/Satisfactie1.jpg 500w, http:\/\/www.sucert.ro\/wp-content\/uploads\/2015\/03\/Satisfactie1-300x75.jpg 300w\" sizes=\"(max-width: 500px) 100vw, 500px\" \/>\n","protected":false},"author":1,"featured_media":0,"parent":503,"menu_order":0,"comment_status":"open","ping_status":"closed","template":"","meta":[],"_links":{"self":[{"href":"http:\/\/www.sucert.ro?lang=ro_RO%2Findex.php&rest_route=\/wp\/v2\/pages\/53"}],"collection":[{"href":"http:\/\/www.sucert.ro?lang=ro_RO%2Findex.php&rest_route=\/wp\/v2\/pages"}],"about":[{"href":"http:\/\/www.sucert.ro?lang=ro_RO%2Findex.php&rest_route=\/wp\/v2\/types\/page"}],"author":[{"embeddable":true,"href":"http:\/\/www.sucert.ro?lang=ro_RO%2Findex.php&rest_route=\/wp\/v2\/users\/1"}],"replies":[{"embeddable":true,"href":"http:\/\/www.sucert.ro?lang=ro_RO%2Findex.php&rest_route=%2Fwp%2Fv2%2Fcomments&post=53"}],"version-history":[{"count":0,"href":"http:\/\/www.sucert.ro?lang=ro_RO%2Findex.php&rest_route=\/wp\/v2\/pages\/53\/revisions"}],"up":[{"embeddable":true,"href":"http:\/\/www.sucert.ro?lang=ro_RO%2Findex.php&rest_route=\/wp\/v2\/pages\/503"}],"wp:attachment":[{"href":"http:\/\/www.sucert.ro?lang=ro_RO%2Findex.php&rest_route=%2Fwp%2Fv2%2Fmedia&parent=53"}],"curies":[{"name":"wp","href":"https:\/\/api.w.org\/{rel}","templated":true}]}}